{"id":3518,"date":"2025-01-12T10:16:16","date_gmt":"2025-01-12T09:16:16","guid":{"rendered":"https:\/\/nicolefloberg.com\/privacy-policy-gdpr\/"},"modified":"2025-04-03T21:58:38","modified_gmt":"2025-04-03T19:58:38","slug":"privacy-policy-gdpr","status":"publish","type":"page","link":"https:\/\/nicolefloberg.com\/no\/privacy-policy-gdpr\/","title":{"rendered":"Privacy policy (GDPR)"},"content":{"rendered":"<p>[vc_row][vc_column][vc_column_text]<b><span data-contrast=\"auto\">Behandling av personopplysninger hos Registrert Parterapi Merz Floberg, Nicole Tamara Angelika Merz (organisasjonsnummer 934 989 023).<\/span><\/b><span data-ccp-props=\"{}\"> <\/span><\/p>\n<p><span data-contrast=\"auto\">Nicole Tamara Angelika Merz, er ansvarlig for lagring og behandling av personopplysninger i virksomheten.<\/span><span data-ccp-props=\"{\"134233117\":false,\"134233118\":false,\"335551550\":0,\"335551620\":0,\"335559738\":240,\"335559739\":240}\"> <\/span><\/p>\n<p>&nbsp;<\/p>\n<p><span data-contrast=\"auto\">Virksomheten er Behandlingsansvarlig for:<\/span><span data-ccp-props=\"{\"134233117\":false,\"134233118\":false,\"335551550\":0,\"335551620\":0,\"335559738\":240,\"335559739\":240}\"> <\/span><\/p>\n<ul>\n<li><span data-contrast=\"auto\">Klienter.<\/span><span data-ccp-props=\"{\"134233117\":false,\"134233118\":false,\"335551550\":0,\"335551620\":0,\"335559738\":0,\"335559739\":0}\"> <\/span><\/li>\n<li><span data-contrast=\"auto\">Kontaktpersoner hos kunder og leverand\u00f8rer.<\/span><span data-ccp-props=\"{\"134233117\":false,\"134233118\":false,\"335551550\":0,\"335551620\":0,\"335559738\":0,\"335559739\":0}\"> <\/span><\/li>\n<\/ul>\n<p>&nbsp;<\/p>\n<p><span data-contrast=\"auto\">Eksempler p\u00e5 behandlingsaktiviteter er:<\/span><span data-ccp-props=\"{\"134233117\":false,\"134233118\":false,\"335551550\":0,\"335551620\":0,\"335559738\":240,\"335559739\":240}\"> <\/span><\/p>\n<ul>\n<li><span data-contrast=\"auto\">Registrere nye klienter.<\/span><span data-ccp-props=\"{\"134233117\":false,\"134233118\":false,\"335551550\":0,\"335551620\":0,\"335559738\":0,\"335559739\":0}\"> <\/span><\/li>\n<li><span data-contrast=\"auto\">F\u00f8re journal i forbindelse med konsultasjoner.<\/span><span data-ccp-props=\"{\"134233117\":false,\"134233118\":false,\"335551550\":0,\"335551620\":0,\"335559738\":0,\"335559739\":0}\"> <\/span><\/li>\n<li><span data-contrast=\"auto\">Fakturering.<\/span><span data-ccp-props=\"{\"134233117\":false,\"134233118\":false,\"335551550\":0,\"335551620\":0,\"335559738\":0,\"335559739\":0}\"> <\/span><\/li>\n<\/ul>\n<p>&nbsp;<\/p>\n<p><span data-contrast=\"auto\">Personopplysninger som behandles og lagres er:<\/span><span data-ccp-props=\"{\"134233117\":false,\"134233118\":false,\"335551550\":0,\"335551620\":0,\"335559738\":240,\"335559739\":240}\"> <\/span><\/p>\n<ul>\n<li><span data-contrast=\"auto\">Alminnelige personopplysninger som navn og f\u00f8dselsdato.<\/span><span data-ccp-props=\"{\"134233117\":false,\"134233118\":false,\"335551550\":0,\"335551620\":0,\"335559738\":0,\"335559739\":0}\"> <\/span><\/li>\n<li><span data-contrast=\"auto\">Kontaktdetaljer som e-post, telefonnummer og organisasjonsnummer.<\/span><span data-ccp-props=\"{\"134233117\":false,\"134233118\":false,\"335551550\":0,\"335551620\":0,\"335559738\":0,\"335559739\":0}\"> <\/span><\/li>\n<\/ul>\n<p>&nbsp;<\/p>\n<p><span data-contrast=\"auto\">Alle behandlingsaktiviteter har et lovlig behandlingsgrunnlag, for eksempel:<\/span><span data-ccp-props=\"{\"134233117\":false,\"134233118\":false,\"335551550\":0,\"335551620\":0,\"335559738\":240,\"335559739\":240}\"> <\/span><\/p>\n<ul>\n<li><span data-contrast=\"auto\">\u00c5 overholde avtalen med klienter.<\/span><span data-ccp-props=\"{\"134233117\":false,\"134233118\":false,\"335551550\":0,\"335551620\":0,\"335559738\":0,\"335559739\":0}\"> <\/span><\/li>\n<li><span data-contrast=\"auto\">\u00c5 overholde en rettslig forpliktelse virksomheten er underlagt, for eksempel lagring p\u00e5 grunn av lovbestemte regler for regnskapsmessige forhold.<\/span><\/li>\n<li><span data-contrast=\"auto\">\u00c5 ivareta virksomhetens berettigede interesser (forutsatt at enkeltpersoners interesser ivaretas), for eksempel for \u00e5 forsvare et rettskrav.<\/span><span data-ccp-props=\"{\"134233117\":false,\"134233118\":false,\"335551550\":0,\"335551620\":0,\"335559738\":0,\"335559739\":0}\"> <\/span><\/li>\n<\/ul>\n<p>&nbsp;<\/p>\n<p><span data-contrast=\"auto\">Enkeltpersoner kan til enhver tid:<\/span><span data-ccp-props=\"{\"134233117\":false,\"134233118\":false,\"335551550\":0,\"335551620\":0,\"335559738\":240,\"335559739\":240}\"> <\/span><\/p>\n<ul>\n<li><span data-contrast=\"auto\">Trekke tilbake samtykke til behandlingsaktiviteter som er basert p\u00e5 samtykke.<\/span><\/li>\n<li><span data-contrast=\"auto\">F\u00e5 innsyn i sine personopplysninger og kopi av journal og andre personopplysninger.<\/span><\/li>\n<li><span data-contrast=\"auto\">Endre sine personopplysninger.<\/span><\/li>\n<li><span data-contrast=\"auto\">Be om sletting av sine personopplysninger.<\/span><\/li>\n<li><span data-contrast=\"auto\">Avslutte avtaleforholdet.<\/span><\/li>\n<\/ul>\n<p>&nbsp;<\/p>\n<p aria-level=\"2\"><b><span data-contrast=\"none\">Lagringstid for personopplysninger<\/span><\/b><span data-ccp-props=\"{\"134233117\":false,\"134233118\":false,\"134245418\":true,\"134245529\":true,\"335551550\":0,\"335551620\":0,\"335559738\":299,\"335559739\":299}\"> <\/span><\/p>\n<p><span data-contrast=\"auto\">Virksomheten oppbevarer personopplysninger s\u00e5 lenge det er n\u00f8dvendig for \u00e5 oppfylle behandlingsform\u00e5let. I utgangspunktet slettes data n\u00e5r et avtaleforhold avsluttes. Lovbestemte regler, for eksempel knyttet til lagring for regnskapsmessige form\u00e5l, og andre rettslige forpliktelser kan gj\u00f8re det n\u00f8dvendig \u00e5 lagre personopplysninger i lengre tid. Fortsatt lagring kan ogs\u00e5 skje n\u00e5r det er n\u00f8dvendig for \u00e5 ivareta virksomhetens berettigede interesser, som for eksempel \u00e5 gj\u00f8re gjeldende eller forsvare rettskrav.   <\/span><span data-ccp-props=\"{\"134233117\":false,\"134233118\":false,\"335551550\":0,\"335551620\":0,\"335559738\":240,\"335559739\":240}\"> <\/span><\/p>\n<p>&nbsp;<\/p>\n<p>&nbsp;<\/p>\n<p aria-level=\"2\"><b><span data-contrast=\"none\">Informasjonssikkerhet<\/span><\/b><span data-ccp-props=\"{\"134233117\":false,\"134233118\":false,\"134245418\":true,\"134245529\":true,\"335551550\":0,\"335551620\":0,\"335559738\":299,\"335559739\":299}\"> <\/span><\/p>\n<p><span data-contrast=\"auto\">Beskyttelse av personopplysninger er av stor betydning for virksomheten og det s\u00f8rges til enhver tid for at personopplysninger er beskyttet mot utilsiktet endring, sletting eller utlevering til uautoriserte parter.<\/span><span data-ccp-props=\"{\"134233117\":false,\"134233118\":false,\"335551550\":0,\"335551620\":0,\"335559738\":240,\"335559739\":240}\"> <\/span><\/p>\n<p>&nbsp;<\/p>\n<p>&nbsp;<\/p>\n<p aria-level=\"2\"><b><span data-contrast=\"none\">Overf\u00f8ring av personopplysninger<\/span><\/b><span data-ccp-props=\"{\"134233117\":false,\"134233118\":false,\"134245418\":true,\"134245529\":true,\"335551550\":0,\"335551620\":0,\"335559738\":299,\"335559739\":299}\"> <\/span><\/p>\n<p><span data-contrast=\"auto\">Virksomheten kan utlevere personopplysninger til databehandlere som utf\u00f8rer tjenester for virksomheten. Databehandlerne vil kun bruke personopplysningene til det form\u00e5let de ble samlet inn for og for \u00e5 utf\u00f8re tjenestene for virksomheten. Utlevering av personopplysninger til myndigheter forekommer kun i henhold til lov og gjeldende regelverk.  <\/span><span data-ccp-props=\"{\"134233117\":false,\"134233118\":false,\"335551550\":0,\"335551620\":0,\"335559738\":240,\"335559739\":240}\"> <\/span><\/p>\n<p><span data-contrast=\"auto\">Virksomheten bruker f\u00f8lgende databehandlere:<\/span><span data-ccp-props=\"{\"134233117\":false,\"134233118\":false,\"335551550\":0,\"335551620\":0,\"335559738\":240,\"335559739\":240}\"> <\/span><\/p>\n<ul>\n<li><span data-contrast=\"auto\">Sendregning for \u00f8konomi, fakturering og regnskap.<\/span><\/li>\n<li><span data-contrast=\"auto\">Zoom til konsultasjoner p\u00e5 nett<\/span><\/li>\n<li><span data-contrast=\"auto\">Microsoft Skype til konsultasjoner p\u00e5 nett<\/span><\/li>\n<\/ul>\n<p>Min nettside bruker informasjonskapsler (\u00abcookies\u00bb) og liknende teknologier i sine digitale kanaler. Informasjonskapsler hjelper til \u00e5 fastsl\u00e5 hvilke deler av de digitale kanalene som er mest popul\u00e6re, herunder hvilke sider brukerne bes\u00f8ker og hvor lenge. Informasjonen brukes for eksempel til ytelse, utvikling og analyse av tjenester og m\u00e5lretting av annonser p\u00e5 internett.  <\/p>\n<p>Ved \u00e5 bruke min nettside digitale kanaler med en nettleser hvor innstillingene gj\u00f8r det mulig \u00e5 lagre cookies p\u00e5 enheten samtykker du til bruk av cookies.<\/p>\n<p>Min nettside kan inneholde lenker til tredjeparters nettsteder, produkter og tjenester, herunder sosiale medier (for eksempel Facebook sine sosiale tilleggsmoduler). Tredjepartstjenester eller tredjepartsapplikasjoner som er tilgjengelig p\u00e5 min nettstede er underlagt tredjepartens personvernerkl\u00e6ring. Du oppfordres til \u00e5 gj\u00f8re deg kjent med disse tredjepartenes personvernpraksis.  <\/p>\n<p>&nbsp;<\/p>\n<p>&nbsp;<\/p>\n<p aria-level=\"2\"><b><span data-contrast=\"none\">Klagerett<\/span><\/b><span data-ccp-props=\"{\"134233117\":false,\"134233118\":false,\"134245418\":true,\"134245529\":true,\"335551550\":0,\"335551620\":0,\"335559738\":299,\"335559739\":299}\"> <\/span><\/p>\n<p><span data-contrast=\"auto\">Dersom du mener at virksomhetens behandling av personopplysninger er i strid med relevante personvernbestemmelser har du rett til \u00e5 sende inn en klage til virksomheten direkte, Datatilsynet eller annen relevant tilsynsmyndighet.<\/span><\/p>\n<p>&nbsp;<\/p>\n<p><span data-ccp-props=\"{\"134233117\":false,\"134233118\":false,\"335551550\":0,\"335551620\":0,\"335559738\":240,\"335559739\":240}\"> <\/span><\/p>\n<p aria-level=\"2\"><b><span data-contrast=\"none\">Kontaktinformasjon<\/span><\/b><span data-ccp-props=\"{\"134233117\":false,\"134233118\":false,\"134245418\":true,\"134245529\":true,\"335551550\":0,\"335551620\":0,\"335559738\":299,\"335559739\":299}\"> <\/span><\/p>\n<p><span data-contrast=\"auto\">Ta gjerne kontakt p\u00e5 epost <\/span><a href=\"mailto:info@nicolefloberg.com\"><span data-contrast=\"none\">info@nicolefloberg.com<\/span><\/a><span data-contrast=\"auto\"> eller telefon +47 413 40 253 <\/span><span data-ccp-props=\"{\"134233117\":false,\"134233118\":false,\"335551550\":0,\"335551620\":0,\"335559738\":240,\"335559739\":240}\"> <\/span>[\/vc_column_text][\/vc_column][\/vc_row]<\/p>\n","protected":false},"excerpt":{"rendered":"<p>[vc_row][vc_column][vc_column_text]Behandling av personopplysninger hos Registrert Parterapi Merz Floberg, Nicole Tamara Angelika Merz (organisasjonsnummer 934 989 023). Nicole Tamara Angelika Merz, er ansvarlig for lagring og behandling av personopplysninger i virksomheten. &nbsp; Virksomheten er Behandlingsansvarlig for: Klienter. Kontaktpersoner hos kunder og leverand\u00f8rer. &nbsp; Eksempler p\u00e5 behandlingsaktiviteter er: Registrere nye klienter. F\u00f8re journal i forbindelse med konsultasjoner. [&hellip;]<\/p>\n","protected":false},"author":1,"featured_media":0,"parent":0,"menu_order":0,"comment_status":"closed","ping_status":"closed","template":"","meta":{"footnotes":""},"class_list":["post-3518","page","type-page","status-publish","hentry"],"_links":{"self":[{"href":"https:\/\/nicolefloberg.com\/no\/wp-json\/wp\/v2\/pages\/3518","targetHints":{"allow":["GET"]}}],"collection":[{"href":"https:\/\/nicolefloberg.com\/no\/wp-json\/wp\/v2\/pages"}],"about":[{"href":"https:\/\/nicolefloberg.com\/no\/wp-json\/wp\/v2\/types\/page"}],"author":[{"embeddable":true,"href":"https:\/\/nicolefloberg.com\/no\/wp-json\/wp\/v2\/users\/1"}],"replies":[{"embeddable":true,"href":"https:\/\/nicolefloberg.com\/no\/wp-json\/wp\/v2\/comments?post=3518"}],"version-history":[{"count":2,"href":"https:\/\/nicolefloberg.com\/no\/wp-json\/wp\/v2\/pages\/3518\/revisions"}],"predecessor-version":[{"id":3520,"href":"https:\/\/nicolefloberg.com\/no\/wp-json\/wp\/v2\/pages\/3518\/revisions\/3520"}],"wp:attachment":[{"href":"https:\/\/nicolefloberg.com\/no\/wp-json\/wp\/v2\/media?parent=3518"}],"curies":[{"name":"wp","href":"https:\/\/api.w.org\/{rel}","templated":true}]}}