{"id":3510,"date":"2025-01-19T11:02:51","date_gmt":"2025-01-19T10:02:51","guid":{"rendered":"https:\/\/nicolefloberg.com\/avtrykk\/"},"modified":"2025-04-03T21:35:45","modified_gmt":"2025-04-03T19:35:45","slug":"avtrykk","status":"publish","type":"page","link":"https:\/\/nicolefloberg.com\/no\/avtrykk\/","title":{"rendered":"Avtrykk"},"content":{"rendered":"<p>[vc_row row_content_width=&raquo;grid&raquo;][vc_column][vc_column_text]<!-- \/wp:post-content --><\/p>\n<p><!-- wp:paragraph -->Nicole Merz Floberg<\/p>\n<p><!-- \/wp:paragraph --><\/p>\n<p><!-- wp:paragraph -->Arne Garbogsvei 5<\/p>\n<p><!-- \/wp:paragraph --><\/p>\n<p><!-- wp:paragraph -->1395 Hvalstad<\/p>\n<p><!-- \/wp:paragraph --><\/p>\n<p><!-- wp:paragraph -->Norge<\/p>\n<p><!-- \/wp:paragraph --><\/p>\n<p>&nbsp;<\/p>\n<p><!-- wp:paragraph --><\/p>\n<p><!-- \/wp:paragraph --> <\/p>\n<p><!-- wp:paragraph \/--><\/p>\n<p><!-- wp:paragraph --><strong>Organisasjonsnummer:<\/strong><\/p>\n<p><!-- \/wp:paragraph --><\/p>\n<p><!-- wp:paragraph -->  934 989 023<\/p>\n<p><!-- \/wp:paragraph --><\/p>\n<p>&nbsp;<\/p>\n<p><!-- wp:paragraph --><\/p>\n<p><!-- \/wp:paragraph --> <\/p>\n<p><!-- wp:paragraph \/--><\/p>\n<p><!-- wp:paragraph --><strong>Kontakt:<\/strong><\/p>\n<p><!-- \/wp:paragraph --><\/p>\n<p><!-- wp:paragraph -->E-post: <a href=\"mailto:info@nicolefloberg.com\">info@nicolefloberg.com<\/a><\/p>\n<p><!-- \/wp:paragraph --><\/p>\n<p><!-- wp:paragraph -->Telefon: +47 413 40 253<\/p>\n<p><!-- \/wp:paragraph --> <\/p>\n<p><!-- wp:paragraph \/--> <\/p>\n<p>F\u00f8lgende bilder er hentet fra Pixabay:<\/p>\n<ul>\n<li>Vei motorvei reise: stra\u00dfe-autobahn-reise-asphalt-5089188<\/li>\n<li>Argentinsk tango, fot, danser: argentinischer-tango-fu\u00df-t\u00e4nzer-2079964<\/li>\n<li>Valentinsdag bakgrunn: valentinstag-hintergrund-menschen-2561053<\/li>\n<li>mennesker, par, kyss: menschen-paar-kuss-mann-frau-2594745<\/li>\n<li>Muslim, kvinne, skriving: muslim-frau-schreiben-notizbuch-7520627<\/li>\n<\/ul>\n<p>[\/vc_column_text][\/vc_column][\/vc_row]<\/p>\n","protected":false},"excerpt":{"rendered":"<p>[vc_row row_content_width=&raquo;grid&raquo;][vc_column][vc_column_text] Nicole Merz Floberg Arne Garbogsvei 5 1395 Hvalstad Norge &nbsp; Organisasjonsnummer: 934 989 023 &nbsp; Kontakt: E-post: info@nicolefloberg.com Telefon: +47 413 40 253 F\u00f8lgende bilder er hentet fra Pixabay: Vei motorvei reise: stra\u00dfe-autobahn-reise-asphalt-5089188 Argentinsk tango, fot, danser: argentinischer-tango-fu\u00df-t\u00e4nzer-2079964 Valentinsdag bakgrunn: valentinstag-hintergrund-menschen-2561053 mennesker, par, kyss: menschen-paar-kuss-mann-frau-2594745 Muslim, kvinne, skriving: muslim-frau-schreiben-notizbuch-7520627 [\/vc_column_text][\/vc_column][\/vc_row]<\/p>\n","protected":false},"author":1,"featured_media":0,"parent":0,"menu_order":0,"comment_status":"closed","ping_status":"closed","template":"page-full-width.php","meta":{"footnotes":""},"class_list":["post-3510","page","type-page","status-publish","hentry"],"_links":{"self":[{"href":"https:\/\/nicolefloberg.com\/no\/wp-json\/wp\/v2\/pages\/3510","targetHints":{"allow":["GET"]}}],"collection":[{"href":"https:\/\/nicolefloberg.com\/no\/wp-json\/wp\/v2\/pages"}],"about":[{"href":"https:\/\/nicolefloberg.com\/no\/wp-json\/wp\/v2\/types\/page"}],"author":[{"embeddable":true,"href":"https:\/\/nicolefloberg.com\/no\/wp-json\/wp\/v2\/users\/1"}],"replies":[{"embeddable":true,"href":"https:\/\/nicolefloberg.com\/no\/wp-json\/wp\/v2\/comments?post=3510"}],"version-history":[{"count":1,"href":"https:\/\/nicolefloberg.com\/no\/wp-json\/wp\/v2\/pages\/3510\/revisions"}],"predecessor-version":[{"id":3511,"href":"https:\/\/nicolefloberg.com\/no\/wp-json\/wp\/v2\/pages\/3510\/revisions\/3511"}],"wp:attachment":[{"href":"https:\/\/nicolefloberg.com\/no\/wp-json\/wp\/v2\/media?parent=3510"}],"curies":[{"name":"wp","href":"https:\/\/api.w.org\/{rel}","templated":true}]}}