{"id":3507,"date":"2025-01-19T17:34:49","date_gmt":"2025-01-19T16:34:49","guid":{"rendered":"https:\/\/nicolefloberg.com\/faq\/"},"modified":"2025-04-03T21:44:31","modified_gmt":"2025-04-03T19:44:31","slug":"faq","status":"publish","type":"page","link":"https:\/\/nicolefloberg.com\/no\/faq\/","title":{"rendered":"FAQ"},"content":{"rendered":"<p>[vc_row row_content_width=&raquo;grid&raquo;][vc_column]<div class=\"qodef-shortcode qodef-m  qodef-accordion clear qodef-behavior--accordion qodef-layout--simple \">\n\t<h4 class=\"qodef-accordion-title\">\n\t<span class=\"qodef-tab-title\">\n\t\tHvor mye koster en \u00f8kt?\t<\/span>\n\t<span class=\"qodef-accordion-mark\">\n\t\t<span class=\"qodef-icon--plus\">+<\/span>\n\t\t<span class=\"qodef-icon--minus\">\u2212<\/span>\n\t<\/span>\n<\/h4>\n<div class=\"qodef-accordion-content\">\n\t<div class=\"qodef-accordion-content-inner\">\n\t\t[vc_column_text]<span data-contrast=\"auto\">Prisen for en 90-minutters \u00f8kt er 1800 NOK.<\/span>[\/vc_column_text]\t<\/div>\n<\/div><h4 class=\"qodef-accordion-title\">\n\t<span class=\"qodef-tab-title\">\n\t\tHvordan fungerer parterapi?\t<\/span>\n\t<span class=\"qodef-accordion-mark\">\n\t\t<span class=\"qodef-icon--plus\">+<\/span>\n\t\t<span class=\"qodef-icon--minus\">\u2212<\/span>\n\t<\/span>\n<\/h4>\n<div class=\"qodef-accordion-content\">\n\t<div class=\"qodef-accordion-content-inner\">\n\t\t[vc_column_text]<span data-contrast=\"auto\">Reisen begynner med en innledende konsultasjon designet for \u00e5 etablere et komfortabelt og produktivt terapeutisk forhold. Her er hva du kan forvente: <\/span><\/p>\n<p>&nbsp;<\/p>\n<p aria-level=\"4\"><strong>M\u00e5l for f\u00f8rste m\u00f8te <\/strong><\/p>\n<p><span data-contrast=\"auto\">V\u00e5r f\u00f8rste \u00f8kt tjener flere viktige form\u00e5l:<\/span><\/p>\n<ul>\n<li data-leveltext=\"\uf0b7\" data-font=\"Symbol\" data-listid=\"4\" data-list-defn-props=\"{\" aria-setsize=\"-1\" data-aria-posinset=\"1\" data-aria-level=\"1\"><span data-contrast=\"auto\">Gjensidig introduksjon og bli kjent med hverandre<\/span><\/li>\n<\/ul>\n<ul>\n<li data-leveltext=\"\uf0b7\" data-font=\"Symbol\" data-listid=\"4\" data-list-defn-props=\"{\" aria-setsize=\"-1\" data-aria-posinset=\"2\" data-aria-level=\"1\"><span data-contrast=\"auto\">Vurdere potensialet for et produktivt terapeutisk partnerskap<\/span><\/li>\n<\/ul>\n<ul>\n<li data-leveltext=\"\uf0b7\" data-font=\"Symbol\" data-listid=\"4\" data-list-defn-props=\"{\" aria-setsize=\"-1\" data-aria-posinset=\"3\" data-aria-level=\"1\"><span data-contrast=\"auto\">Utvikle en innledende forst\u00e5else av dynamikken i forholdet deres<\/span><\/li>\n<\/ul>\n<ul>\n<li data-leveltext=\"\uf0b7\" data-font=\"Symbol\" data-listid=\"4\" data-list-defn-props=\"{\" aria-setsize=\"-1\" data-aria-posinset=\"4\" data-aria-level=\"1\"><span data-contrast=\"auto\">Gi et forel\u00f8pig perspektiv p\u00e5 hvordan v\u00e5rt arbeid sammen kan st\u00f8tte m\u00e5lene deres<\/span><\/li>\n<\/ul>\n<p aria-level=\"4\"><strong>\u00d8ktsynamikk <\/strong><\/p>\n<p><span data-contrast=\"auto\">Under dette innledende m\u00f8tet vil vi utforske det n\u00e5v\u00e6rende landskapet i forholdet deres. Mitt prim\u00e6re m\u00e5l er \u00e5 f\u00e5 et omfattende bilde av deres unike situasjon og gi en \u00e6rlig, profesjonell vurdering av hvordan terapi kan v\u00e6re til nytte for dere. <\/span><\/p>\n<p><span data-contrast=\"auto\">Bemerkelsesverdig nok begynner meningsfull endring ofte umiddelbart. Par opplever ofte: <\/span><\/p>\n<ul>\n<li data-leveltext=\"\uf0b7\" data-font=\"Symbol\" data-listid=\"5\" data-list-defn-props=\"{\" aria-setsize=\"-1\" data-aria-posinset=\"1\" data-aria-level=\"1\"><span data-contrast=\"auto\">Forbedret gjensidig forst\u00e5else<\/span><\/li>\n<\/ul>\n<ul>\n<li data-leveltext=\"\uf0b7\" data-font=\"Symbol\" data-listid=\"5\" data-list-defn-props=\"{\" aria-setsize=\"-1\" data-aria-posinset=\"2\" data-aria-level=\"1\"><span data-contrast=\"auto\">\u00d8kt relasjonell klarhet<\/span><\/li>\n<\/ul>\n<ul>\n<li data-leveltext=\"\uf0b7\" data-font=\"Symbol\" data-listid=\"5\" data-list-defn-props=\"{\" aria-setsize=\"-1\" data-aria-posinset=\"3\" data-aria-level=\"1\"><span data-contrast=\"auto\">En fornyet f\u00f8lelse av tilknytning<\/span><\/li>\n<\/ul>\n<ul>\n<li data-leveltext=\"\uf0b7\" data-font=\"Symbol\" data-listid=\"5\" data-list-defn-props=\"{\" aria-setsize=\"-1\" data-aria-posinset=\"4\" data-aria-level=\"1\"><span data-contrast=\"auto\">Innsikt i deres interaksjonsm\u00f8nstre<\/span><\/li>\n<\/ul>\n<p aria-level=\"4\"><strong>Praktiske detaljer <\/strong><\/p>\n<ul>\n<li data-leveltext=\"\uf0b7\" data-font=\"Symbol\" data-listid=\"6\" data-list-defn-props=\"{\" aria-setsize=\"-1\" data-aria-posinset=\"1\" data-aria-level=\"1\"><b><span data-contrast=\"auto\">\u00d8ktsvarighet<\/span><\/b><span data-contrast=\"auto\">: <\/span><\/li>\n<\/ul>\n<ul>\n<li style=\"list-style-type: none;\">\n<ul>\n<li data-leveltext=\"o\" data-font=\"Courier New\" data-listid=\"6\" data-list-defn-props=\"{\" aria-setsize=\"-1\" data-aria-posinset=\"1\" data-aria-level=\"2\"><span data-contrast=\"auto\">F\u00f8rste \u00f8kt: Opp til to timer (inkluderer innledende konsultasjon)<\/span><\/li>\n<\/ul>\n<\/li>\n<\/ul>\n<ul>\n<li style=\"list-style-type: none;\">\n<ul>\n<li data-leveltext=\"o\" data-font=\"Courier New\" data-listid=\"6\" data-list-defn-props=\"{\" aria-setsize=\"-1\" data-aria-posinset=\"2\" data-aria-level=\"2\"><span data-contrast=\"auto\">P\u00e5f\u00f8lgende \u00f8kter: 90 minutter<\/span><\/li>\n<\/ul>\n<\/li>\n<\/ul>\n<ul>\n<li style=\"list-style-type: none;\">\n<ul>\n<li data-leveltext=\"o\" data-font=\"Courier New\" data-listid=\"6\" data-list-defn-props=\"{\" aria-setsize=\"-1\" data-aria-posinset=\"3\" data-aria-level=\"2\"><b><span data-contrast=\"auto\">Viktig<\/span>:<\/b> <span data-contrast=\"auto\">Utvidet f\u00f8rste \u00f8kt p\u00e5virker ikke standardgebyret<\/span><\/li>\n<\/ul>\n<\/li>\n<\/ul>\n<ul>\n<li data-leveltext=\"\uf0b7\" data-font=\"Symbol\" data-listid=\"6\" data-list-defn-props=\"{\" aria-setsize=\"-1\" data-aria-posinset=\"2\" data-aria-level=\"1\"><b><span data-contrast=\"auto\">\u00d8ktsfrekvens<\/span><\/b><span data-contrast=\"auto\">: Vi begynner vanligvis med ukentlige \u00f8kter, og justerer strategisk frekvensen etter hvert som forholdet deres utvikler seg og forbedres. Denne tiln\u00e6rmingen gir konsistent st\u00f8tte samtidig som den fremmer \u00f8kt uavhengighet. <\/span><\/li>\n<\/ul>\n<p aria-level=\"4\"><strong>Neste steg <\/strong><\/p>\n<p><span data-contrast=\"auto\">Ved avslutningen av v\u00e5rt f\u00f8rste m\u00f8te, hvis dere f\u00f8ler dere komfortable og tror min tiln\u00e6rming samsvarer med behovene deres, vil vi diskutere planlegging av fremtidige avtaler. Denne samarbeidsbeslutningen sikrer at dere f\u00f8ler dere fullt st\u00f8ttet i deres terapeutiske reise. <\/span><\/p>\n<p><span data-contrast=\"auto\">Mitt m\u00e5l er \u00e5 skape et im\u00f8tekommende, profesjonelt milj\u00f8 hvor dere kan utforske forholdet deres med selvtillit og h\u00e5p.<\/span> [\/vc_column_text]\t<\/div>\n<\/div><h4 class=\"qodef-accordion-title\">\n\t<span class=\"qodef-tab-title\">\n\t\tHvor foreg\u00e5r terapien?\t<\/span>\n\t<span class=\"qodef-accordion-mark\">\n\t\t<span class=\"qodef-icon--plus\">+<\/span>\n\t\t<span class=\"qodef-icon--minus\">\u2212<\/span>\n\t<\/span>\n<\/h4>\n<div class=\"qodef-accordion-content\">\n\t<div class=\"qodef-accordion-content-inner\">\n\t\t[vc_column_text]<span data-contrast=\"auto\">Par kan velge om de vil gjennomf\u00f8re terapien online eller p\u00e5 stedet i Hvalstad (som er 20 minutter fra Oslo og Drammen og 10 minutter fra Asker og Sandvika).<\/span>[\/vc_column_text]\t<\/div>\n<\/div><h4 class=\"qodef-accordion-title\">\n\t<span class=\"qodef-tab-title\">\n\t\tRedusert avgift\t<\/span>\n\t<span class=\"qodef-accordion-mark\">\n\t\t<span class=\"qodef-icon--plus\">+<\/span>\n\t\t<span class=\"qodef-icon--minus\">\u2212<\/span>\n\t<\/span>\n<\/h4>\n<div class=\"qodef-accordion-content\">\n\t<div class=\"qodef-accordion-content-inner\">\n\t\t[vc_column_text]<span data-contrast=\"auto\">Kjernen i min praksis er en grunnleggende overbevisning: kvalitetsrelasjonsst\u00f8tte b\u00f8r v\u00e6re tilgjengelig for alle par, og familier uavhengig av \u00f8konomiske omstendigheter. For \u00e5 hedre dette engasjementet, tilbyr jeg fleksible avgiftsstrukturer som prioriterer din tilgang til transformativ terapeutisk omsorg. <\/span><\/p>\n<p>[\/vc_column_text]\t<\/div>\n<\/div><h4 class=\"qodef-accordion-title\">\n\t<span class=\"qodef-tab-title\">\n\t\tAvbestilling av terapitime\t<\/span>\n\t<span class=\"qodef-accordion-mark\">\n\t\t<span class=\"qodef-icon--plus\">+<\/span>\n\t\t<span class=\"qodef-icon--minus\">\u2212<\/span>\n\t<\/span>\n<\/h4>\n<div class=\"qodef-accordion-content\">\n\t<div class=\"qodef-accordion-content-inner\">\n\t\t[vc_column_text]<span data-contrast=\"auto\">Hvis du m\u00e5 avbestille en time, vennligst pr\u00f8v \u00e5 gj\u00f8re dette minst 48 timer (to arbeidsdager) f\u00f8r timen. Hvis du ikke gj\u00f8r det, vil jeg dessverre ikke kunne tilby timen til et annet par og vil belaste et avbestillingsgebyr p\u00e5 1000 NOK. <\/span>[\/vc_column_text]\t<\/div>\n<\/div><h4 class=\"qodef-accordion-title\">\n\t<span class=\"qodef-tab-title\">\n\t\tDiskresjon\t<\/span>\n\t<span class=\"qodef-accordion-mark\">\n\t\t<span class=\"qodef-icon--plus\">+<\/span>\n\t\t<span class=\"qodef-icon--minus\">\u2212<\/span>\n\t<\/span>\n<\/h4>\n<div class=\"qodef-accordion-content\">\n\t<div class=\"qodef-accordion-content-inner\">\n\t\t[vc_column_text]<span data-contrast=\"auto\">Terapien foreg\u00e5r i et konfidensielt, diskret milj\u00f8. Temaene jeg blir betrodd er underlagt min taushetsplikt og vil ikke bli gjort kjent for tredjeparter. Par kan frigi meg fra taushetsplikten \u2013 helt eller delvis. <\/span><\/p>\n<p>[\/vc_column_text]\t<\/div>\n<\/div><h4 class=\"qodef-accordion-title\">\n\t<span class=\"qodef-tab-title\">\n\t\tKontraindikasjon\t<\/span>\n\t<span class=\"qodef-accordion-mark\">\n\t\t<span class=\"qodef-icon--plus\">+<\/span>\n\t\t<span class=\"qodef-icon--minus\">\u2212<\/span>\n\t<\/span>\n<\/h4>\n<div class=\"qodef-accordion-content\">\n\t<div class=\"qodef-accordion-content-inner\">\n\t\t[vc_column_text]<span data-contrast=\"auto\">Et av de viktigste form\u00e5lene med parterapi er \u00e5 styrke ditt f\u00f8lelsesmessige b\u00e5nd med en annen. For \u00e5 oppn\u00e5 dette er det n\u00f8dvendig at begge partnere kan \u00e5pne seg f\u00f8lelsesmessig og snakke om sine behov, \u00f8nsker og \u00e6rlige f\u00f8lelser. Dette er bare mulig hvis begge partnere f\u00f8ler seg trygge. <\/span><\/p>\n<p><span data-contrast=\"auto\">Hvis det oppst\u00e5r vold eller forakt i forholdet ditt, kan dette bli sv\u00e6rt vanskelig eller til og med umulig. I dette tilfellet er parterapi lite lovende eller kan ta veldig lang tid. Du kan ogs\u00e5 finne at separasjon er den beste l\u00f8sningen. <\/span>[\/vc_column_text]\t<\/div>\n<\/div><\/div>[\/vc_column][\/vc_row]<\/p>\n","protected":false},"excerpt":{"rendered":"<p>[vc_row row_content_width=&raquo;grid&raquo;][vc_column][\/vc_column][\/vc_row]<\/p>\n","protected":false},"author":1,"featured_media":0,"parent":0,"menu_order":0,"comment_status":"closed","ping_status":"closed","template":"page-full-width.php","meta":{"footnotes":""},"class_list":["post-3507","page","type-page","status-publish","hentry"],"_links":{"self":[{"href":"https:\/\/nicolefloberg.com\/no\/wp-json\/wp\/v2\/pages\/3507","targetHints":{"allow":["GET"]}}],"collection":[{"href":"https:\/\/nicolefloberg.com\/no\/wp-json\/wp\/v2\/pages"}],"about":[{"href":"https:\/\/nicolefloberg.com\/no\/wp-json\/wp\/v2\/types\/page"}],"author":[{"embeddable":true,"href":"https:\/\/nicolefloberg.com\/no\/wp-json\/wp\/v2\/users\/1"}],"replies":[{"embeddable":true,"href":"https:\/\/nicolefloberg.com\/no\/wp-json\/wp\/v2\/comments?post=3507"}],"version-history":[{"count":4,"href":"https:\/\/nicolefloberg.com\/no\/wp-json\/wp\/v2\/pages\/3507\/revisions"}],"predecessor-version":[{"id":3515,"href":"https:\/\/nicolefloberg.com\/no\/wp-json\/wp\/v2\/pages\/3507\/revisions\/3515"}],"wp:attachment":[{"href":"https:\/\/nicolefloberg.com\/no\/wp-json\/wp\/v2\/media?parent=3507"}],"curies":[{"name":"wp","href":"https:\/\/api.w.org\/{rel}","templated":true}]}}