{"id":3504,"date":"2025-01-19T10:50:05","date_gmt":"2025-01-19T09:50:05","guid":{"rendered":"https:\/\/nicolefloberg.com\/kontakt\/"},"modified":"2025-04-03T21:40:17","modified_gmt":"2025-04-03T19:40:17","slug":"kontakt","status":"publish","type":"page","link":"https:\/\/nicolefloberg.com\/no\/kontakt\/","title":{"rendered":"Kontakt"},"content":{"rendered":"<p>[vc_row content_placement=&raquo;middle&raquo; row_content_width=&raquo;grid&raquo; css=&raquo;.vc_custom_1742415387994{margin-top: -100px !important;margin-bottom: -100px !important;padding-top: 110px !important;padding-bottom: 110px !important;}&raquo;][vc_column offset=&raquo;vc_col-lg-6 vc_col-md-12 vc_col-xs-12&#8243;][vc_single_image image=&raquo;3434&#8243; img_size=&raquo;529&#215;606&#8243; alignment=&raquo;center&raquo; css=&raquo;.vc_custom_1742416258634{margin-bottom: 0px !important;}&raquo;][\/vc_column][vc_column css=&raquo;.vc_custom_1742415461810{padding-right: 15% !important;}&raquo; column_responsive_padding_1024=&raquo;60px 15px 0px&raquo; offset=&raquo;vc_col-lg-6 vc_col-md-12 vc_col-xs-12&#8243;]<div class=\"qodef-shortcode qodef-m  qodef-section-title qodef-alignment--left \">\n\t\t\t<div class=\"qodef-m-tagline\" >\n\t\tKontakt meg gjerne\t<\/div>\n\t\t<h1 class=\"qodef-m-title\" >\n\t\t\t\t\tNoen sp\u00f8rsm\u00e5l? \u00d8nsker du \u00e5 snakke?\t\t\t<\/h1>\n\t<\/div>[vc_column_text css=&raquo;.vc_custom_1741721765433{padding-top: 40px !important;padding-bottom: 20px !important;}&raquo;]<span data-contrast=\"none\">Ta kontakt og planlegg en innledende konsultasjon hvor vi kan diskutere din spesifikke situasjon og hvordan jeg best kan st\u00f8tte deres relasjonsm\u00e5l.<\/span>[\/vc_column_text]<div class=\"qodef-shortcode qodef-m  qodef-icon-with-text qodef-layout--before-content qodef--icon-pack qodef--has-appear-animation\">\n\t<div class=\"qodef-m-icon-wrapper\">\n\t\t<span class=\"qodef-shortcode qodef-m  qodef-icon-holder qodef-size--default qodef-layout--circle\"  >\t        <span class=\"qodef-icon-font-awesome fa fa-envelope qodef-icon qodef-e\" style=\"\" ><\/span>    <\/span>\t<\/div>\n\t<div class=\"qodef-m-content\">\n\t\t\t<h3 class=\"qodef-m-title\" >\n\t\t\t\t\t<span class=\"qodef-m-title-text\">info@nicolefloberg.com<\/span>\n\t\t\t<\/h3>\n\t\t\t<\/div>\n<\/div>[vc_empty_space]<div class=\"qodef-shortcode qodef-m  qodef-icon-with-text qodef-layout--before-content qodef--icon-pack qodef--has-appear-animation\">\n\t<div class=\"qodef-m-icon-wrapper\">\n\t\t<span class=\"qodef-shortcode qodef-m  qodef-icon-holder qodef-size--default qodef-layout--circle\"  >\t        <span class=\"qodef-icon-font-awesome fa fa-phone qodef-icon qodef-e\" style=\"\" ><\/span>    <\/span>\t<\/div>\n\t<div class=\"qodef-m-content\">\n\t\t\t<h3 class=\"qodef-m-title\" >\n\t\t\t\t\t<span class=\"qodef-m-title-text\">+47 41340253<\/span>\n\t\t\t<\/h3>\n\t\t\t<\/div>\n<\/div>[vc_empty_space height=&raquo;16px&raquo;][\/vc_column][\/vc_row]<\/p>\n","protected":false},"excerpt":{"rendered":"<p>[vc_row content_placement=&raquo;middle&raquo; row_content_width=&raquo;grid&raquo; css=&raquo;.vc_custom_1742415387994{margin-top: -100px !important;margin-bottom: -100px !important;padding-top: 110px !important;padding-bottom: 110px !important;}&raquo;][vc_column offset=&raquo;vc_col-lg-6 vc_col-md-12 vc_col-xs-12&#8243;][vc_single_image image=&raquo;3434&#8243; img_size=&raquo;529&#215;606&#8243; alignment=&raquo;center&raquo; css=&raquo;.vc_custom_1742416258634{margin-bottom: 0px !important;}&raquo;][\/vc_column][vc_column css=&raquo;.vc_custom_1742415461810{padding-right: 15% !important;}&raquo; column_responsive_padding_1024=&raquo;60px 15px 0px&raquo; offset=&raquo;vc_col-lg-6 vc_col-md-12 vc_col-xs-12&#8243;][vc_column_text css=&raquo;.vc_custom_1741721765433{padding-top: 40px !important;padding-bottom: 20px !important;}&raquo;]Ta kontakt og planlegg en innledende konsultasjon hvor vi kan diskutere din spesifikke situasjon og hvordan jeg best kan st\u00f8tte deres [&hellip;]<\/p>\n","protected":false},"author":1,"featured_media":0,"parent":0,"menu_order":0,"comment_status":"closed","ping_status":"closed","template":"page-full-width.php","meta":{"footnotes":""},"class_list":["post-3504","page","type-page","status-publish","hentry"],"_links":{"self":[{"href":"https:\/\/nicolefloberg.com\/no\/wp-json\/wp\/v2\/pages\/3504","targetHints":{"allow":["GET"]}}],"collection":[{"href":"https:\/\/nicolefloberg.com\/no\/wp-json\/wp\/v2\/pages"}],"about":[{"href":"https:\/\/nicolefloberg.com\/no\/wp-json\/wp\/v2\/types\/page"}],"author":[{"embeddable":true,"href":"https:\/\/nicolefloberg.com\/no\/wp-json\/wp\/v2\/users\/1"}],"replies":[{"embeddable":true,"href":"https:\/\/nicolefloberg.com\/no\/wp-json\/wp\/v2\/comments?post=3504"}],"version-history":[{"count":3,"href":"https:\/\/nicolefloberg.com\/no\/wp-json\/wp\/v2\/pages\/3504\/revisions"}],"predecessor-version":[{"id":3513,"href":"https:\/\/nicolefloberg.com\/no\/wp-json\/wp\/v2\/pages\/3504\/revisions\/3513"}],"wp:attachment":[{"href":"https:\/\/nicolefloberg.com\/no\/wp-json\/wp\/v2\/media?parent=3504"}],"curies":[{"name":"wp","href":"https:\/\/api.w.org\/{rel}","templated":true}]}}