{"id":3499,"date":"2025-01-19T10:47:06","date_gmt":"2025-01-19T09:47:06","guid":{"rendered":"https:\/\/nicolefloberg.com\/for-klienter\/"},"modified":"2025-04-03T21:47:23","modified_gmt":"2025-04-03T19:47:23","slug":"for-klienter","status":"publish","type":"page","link":"https:\/\/nicolefloberg.com\/no\/for-klienter\/","title":{"rendered":"For klienter"},"content":{"rendered":"<p>[vc_row row_content_width=&raquo;grid&raquo; content_text_alignment=&raquo;center&raquo; css=&raquo;.vc_custom_1741719469643{margin-top: -100px !important;padding-bottom: 26px !important;}&raquo;][vc_column css=&raquo;.vc_custom_1574424886184{padding-top: 100px !important;padding-right: 22% !important;padding-left: 22% !important;}&raquo; column_responsive_padding_1366=&raquo;100px 22% 0px&raquo; column_responsive_padding_1280=&raquo;100px 22% 0px&raquo; column_responsive_padding_1024=&raquo;100px 5% 0px&raquo; column_responsive_padding_768=&raquo;100px 7% 0px&raquo;]<div class=\"qodef-shortcode qodef-m  qodef-section-title qodef-alignment--center \">\n\t\t\t\t<h1 class=\"qodef-m-title\" >\n\t\t\t\t\tForst\u00e5 deres forbindelse\t\t\t<\/h1>\n\t<\/div>[vc_empty_space][vc_column_text css=&raquo;.vc_custom_1741554994624{margin-bottom: 27px !important;}&raquo;]<\/p>\n<p style=\"text-align: justify;\">Har du noen gang lurt p\u00e5 hvorfor visse m\u00f8nstre fortsetter \u00e5 gjenta seg i forholdet ditt? Hvorfor sm\u00e5 uenigheter noen ganger eskalerer uventet? Eller hvorfor det kan f\u00f8les s\u00e5 vanskelig \u00e5 n\u00e5 partneren din til tross for dine beste anstrengelser?<\/p>\n<p style=\"text-align: justify;\">Ved \u00e5 avdekke disse m\u00f8nstrene, skaper vi nye m\u00e5ter \u00e5 knytte b\u00e5nd til hverandre p\u00e5, noe som f\u00f8rer til et mer autentisk forhold som er mer tilfredsstillende og trygt.<\/p>\n<p>[\/vc_column_text][vc_empty_space height=&raquo;64px&raquo;][\/vc_column][\/vc_row][vc_row equal_height=&raquo;yes&raquo; content_placement=&raquo;middle&raquo;][vc_column css=&raquo;.vc_custom_1741555687100{padding-top: 0px !important;padding-right: 0px !important;padding-bottom: 0px !important;padding-left: 0px !important;background-image: url(https:\/\/nicolefloberg.com\/wp-content\/uploads\/2025\/03\/argentinian-tango-2079964_1280.jpg?id=3268) !important;background-position: center !important;background-repeat: no-repeat !important;background-size: cover !important;}&raquo; offset=&raquo;vc_col-lg-6 vc_col-md-12 vc_col-xs-12&#8243;][\/vc_column][vc_column css=&raquo;.vc_custom_1737804527989{margin-right: 0px !important;margin-left: 0px !important;padding-top: 0% !important;padding-right: 22% !important;padding-bottom: 1% !important;padding-left: 21% !important;background-color: #f6f0e8 !important;}&raquo; column_responsive_padding_1440=&raquo;0% 14% 1.3%&raquo; column_responsive_padding_1366=&raquo;0% 14% 1.5% 12%&raquo; offset=&raquo;vc_col-lg-6 vc_col-md-12 vc_col-xs-12&#8243; column_responsive_padding_1024=&raquo;101px 12.5% 110px&raquo; column_responsive_padding_768=&raquo;101px 11% 110px&raquo; column_responsive_padding_680=&raquo;101px 13% 110px&raquo; column_responsive_padding_1280=&raquo;0% 14% 1.5% 12%&raquo;][vc_empty_space height=&raquo;48px&raquo;]<div class=\"qodef-shortcode qodef-m  qodef-section-title qodef-alignment--center \">\n\t\t\t\t<h1 class=\"qodef-m-title\" >\n\t\t\t\t\tForst\u00e5 dansen mellom dere\t\t\t<\/h1>\n\t<\/div>[vc_empty_space][vc_column_text]<\/p>\n<p style=\"text-align: justify;\">Har du noen gang lagt merke til hvordan du og partneren din beveger dere sammen i en slags dans? Noen ganger flyter dere vakkert i takt, og andre ganger tr\u00e5kker dere p\u00e5 hverandres t\u00e6r? Jeg er fascinert av disse relasjonskoreografiene\u2014de unike m\u00e5tene dere beveger dere sammen p\u00e5, responderer p\u00e5 hverandre, og skaper m\u00f8nstre.<\/p>\n<p>&nbsp;<\/p>\n<p style=\"text-align: justify;\">Ved hjelp av Emosjonsfokusert Terapi vil jeg sitte sammen med dere begge for \u00e5 forst\u00e5 denne dansen. Sammen skal vi utforske hvorfor visse bevegelser utl\u00f8ser bestemte reaksjoner, og hvordan sm\u00e5 endringer kan transformere hele rytmen deres sammen. Det er litt som \u00e5 ha en kunnskapsrik middagsvert som legger merke til n\u00e5r samtalen g\u00e5r i st\u00e5 og forsiktig leder den mot mer forbindende veier.<\/p>\n<p>[\/vc_column_text][vc_empty_space height=&raquo;48px&raquo;][\/vc_column][\/vc_row][vc_row content_placement=&raquo;middle&raquo; css=&raquo;.vc_custom_1741719167353{padding-top: 30px !important;padding-right: 20% !important;padding-bottom: 30px !important;padding-left: 20% !important;}&raquo;][vc_column][vc_empty_space height=&raquo;96px&raquo;][\/vc_column][vc_column width=&raquo;1\/2&#8243;]<div class=\"qodef-shortcode qodef-m  qodef-section-title qodef-alignment--left \">\n\t\t\t<div class=\"qodef-m-tagline\" style=\"margin-bottom: 3px\">\n\t\tNicole Merz Floberg\t<\/div>\n\t\t<h1 class=\"qodef-m-title\" >\n\t\t\t\t\tHvordan jeg kan hjelpe\t\t\t<\/h1>\n\t<\/div>[vc_empty_space height=&raquo;12px&raquo;][vc_column_text css=&raquo;.vc_custom_1741555881035{margin-bottom: 27px !important;}&raquo;]<span data-contrast=\"none\">Hei, jeg er Nicole Merz-Floberg. Som parterapeut spesialisert i Emosjonsfokusert Terapi (EFT) er min rolle \u00e5 skape et trygt, ikke-d\u00f8mmende rom hvor dere begge kan: <\/span><\/p>\n<ul>\n<li data-leveltext=\"\uf0b7\" data-font=\"Symbol\" data-listid=\"1\" data-list-defn-props=\"{\" aria-setsize=\"-1\" data-aria-posinset=\"2\" data-aria-level=\"1\"><span data-contrast=\"none\">Forst\u00e5 de underliggende f\u00f8lelsene som driver relasjonsm\u00f8nstrene deres<\/span><\/li>\n<\/ul>\n<ul>\n<li data-leveltext=\"\uf0b7\" data-font=\"Symbol\" data-listid=\"1\" data-list-defn-props=\"{\" aria-setsize=\"-1\" data-aria-posinset=\"3\" data-aria-level=\"1\"><span data-contrast=\"none\">L\u00e6re \u00e5 kommunisere behov og f\u00f8lelser mer effektivt<\/span><\/li>\n<\/ul>\n<ul>\n<li data-leveltext=\"\uf0b7\" data-font=\"Symbol\" data-listid=\"1\" data-list-defn-props=\"{\" aria-setsize=\"-1\" data-aria-posinset=\"4\" data-aria-level=\"1\"><span data-contrast=\"none\">Utvikle dypere empati for hverandres opplevelser<\/span><\/li>\n<\/ul>\n<ul>\n<li data-leveltext=\"\uf0b7\" data-font=\"Symbol\" data-listid=\"1\" data-list-defn-props=\"{\" aria-setsize=\"-1\" data-aria-posinset=\"5\" data-aria-level=\"1\"><span data-contrast=\"none\">Bygge sterkere, tryggere emosjonelle b\u00e5nd<\/span><\/li>\n<\/ul>\n<ul>\n<li data-leveltext=\"\uf0b7\" data-font=\"Symbol\" data-listid=\"1\" data-list-defn-props=\"{\" aria-setsize=\"-1\" data-aria-posinset=\"6\" data-aria-level=\"1\"><span data-contrast=\"none\">Forvandle konflikter til muligheter for tilknytning<\/span><\/li>\n<\/ul>\n<p>[\/vc_column_text][\/vc_column][vc_column width=&raquo;1\/2&#8243;][vc_single_image image=&raquo;2945&#8243; img_size=&raquo;large&raquo; alignment=&raquo;center&raquo; style=&raquo;vc_box_circle_2&#8243;][\/vc_column][\/vc_row][vc_row content_placement=&raquo;middle&raquo; css=&raquo;.vc_custom_1741555932368{padding-top: 30px !important;padding-right: 20% !important;padding-bottom: 30px !important;padding-left: 20% !important;}&raquo;][vc_column][vc_empty_space height=&raquo;64px&raquo;][vc_separator][\/vc_column][\/vc_row][vc_row row_content_width=&raquo;grid&raquo; content_text_alignment=&raquo;center&raquo; css=&raquo;.vc_custom_1574424850189{padding-bottom: 26px !important;}&raquo;][vc_column css=&raquo;.vc_custom_1574424886184{padding-top: 100px !important;padding-right: 22% !important;padding-left: 22% !important;}&raquo; column_responsive_padding_1366=&raquo;100px 22% 0px&raquo; column_responsive_padding_1280=&raquo;100px 22% 0px&raquo; column_responsive_padding_1024=&raquo;100px 5% 0px&raquo; column_responsive_padding_768=&raquo;100px 7% 0px&raquo;]<div class=\"qodef-shortcode qodef-m  qodef-section-title qodef-alignment--center \">\n\t\t\t\t<h1 class=\"qodef-m-title\" >\n\t\t\t\t\tHvem er dette for\t\t\t<\/h1>\n\t<\/div>[vc_empty_space][vc_column_text css=&raquo;.vc_custom_1741556651463{margin-bottom: 27px !important;}&raquo;]<\/p>\n<p style=\"text-align: left;\"><span data-contrast=\"auto\">Jeg \u00f8nsker par i alle stadier av deres reise velkommen:<\/span><\/p>\n<ul style=\"text-align: left;\">\n<li data-leveltext=\"\uf0b7\" data-font=\"Symbol\" data-listid=\"2\" data-list-defn-props=\"{\" aria-setsize=\"-1\" data-aria-posinset=\"1\" data-aria-level=\"1\"><span data-contrast=\"auto\">Partnere som s\u00f8ker \u00e5 styrke et allerede godt forhold<\/span><\/li>\n<\/ul>\n<ul style=\"text-align: left;\">\n<li data-leveltext=\"\uf0b7\" data-font=\"Symbol\" data-listid=\"2\" data-list-defn-props=\"{\" aria-setsize=\"-1\" data-aria-posinset=\"2\" data-aria-level=\"1\"><span data-contrast=\"auto\">Par som navigerer utfordrende overganger eller konflikter<\/span><\/li>\n<\/ul>\n<ul style=\"text-align: left;\">\n<li data-leveltext=\"\uf0b7\" data-font=\"Symbol\" data-listid=\"2\" data-list-defn-props=\"{\" aria-setsize=\"-1\" data-aria-posinset=\"3\" data-aria-level=\"1\"><span data-contrast=\"auto\">De som f\u00f8ler seg frakoblet og \u00f8nsker \u00e5 gjenoppbygge b\u00e5ndet sitt<\/span><\/li>\n<\/ul>\n<ul style=\"text-align: left;\">\n<li data-leveltext=\"\uf0b7\" data-font=\"Symbol\" data-listid=\"2\" data-list-defn-props=\"{\" aria-setsize=\"-1\" data-aria-posinset=\"4\" data-aria-level=\"1\"><span data-contrast=\"auto\">Familier som jobber for \u00e5 forbedre relasjonene sine<\/span><\/li>\n<\/ul>\n<ul>\n<li style=\"text-align: left;\" data-leveltext=\"\uf0b7\" data-font=\"Symbol\" data-listid=\"2\" data-list-defn-props=\"{\" aria-setsize=\"-1\" data-aria-posinset=\"5\" data-aria-level=\"1\"><span data-contrast=\"auto\">Partnere som \u00f8nsker \u00e5 bedre forst\u00e5 hverandres perspektiver<\/span><\/li>\n<\/ul>\n<p>[\/vc_column_text][vc_empty_space height=&raquo;64px&raquo;][\/vc_column][\/vc_row][vc_row equal_height=&raquo;yes&raquo; content_placement=&raquo;middle&raquo; css=&raquo;.vc_custom_1741719564740{margin-bottom: -100px !important;}&raquo;][vc_column css=&raquo;.vc_custom_1741556242301{padding-top: 0px !important;padding-right: 0px !important;padding-bottom: 0px !important;padding-left: 0px !important;background-image: url(https:\/\/nicolefloberg.com\/wp-content\/uploads\/2025\/03\/road-5089188_1280.jpg?id=3276) !important;background-position: center !important;background-repeat: no-repeat !important;background-size: cover !important;}&raquo; offset=&raquo;vc_col-lg-6 vc_col-md-12 vc_col-xs-12&#8243;][\/vc_column][vc_column css=&raquo;.vc_custom_1737804527989{margin-right: 0px !important;margin-left: 0px !important;padding-top: 0% !important;padding-right: 22% !important;padding-bottom: 1% !important;padding-left: 21% !important;background-color: #f6f0e8 !important;}&raquo; column_responsive_padding_1440=&raquo;0% 14% 1.3%&raquo; column_responsive_padding_1366=&raquo;0% 14% 1.5% 12%&raquo; offset=&raquo;vc_col-lg-6 vc_col-md-12 vc_col-xs-12&#8243; column_responsive_padding_1024=&raquo;101px 12.5% 110px&raquo; column_responsive_padding_768=&raquo;101px 11% 110px&raquo; column_responsive_padding_680=&raquo;101px 13% 110px&raquo; column_responsive_padding_1280=&raquo;0% 14% 1.5% 12%&raquo;][vc_empty_space height=&raquo;48px&raquo;]<div class=\"qodef-shortcode qodef-m  qodef-section-title qodef-alignment--center \">\n\t\t\t\t<h1 class=\"qodef-m-title\" >\n\t\t\t\t\tReisen sammen\t\t\t<\/h1>\n\t<\/div>[vc_empty_space][vc_column_text]<span data-contrast=\"auto\">Hvert forhold har sin unike historie og utfordringer. Gjennom v\u00e5rt arbeid sammen er min jobb \u00e5 gi dere verkt\u00f8yene dere trenger for \u00e5 forst\u00e5 relasjonsdynamikken deres, utvikle nye m\u00e5ter \u00e5 knytte b\u00e5nd p\u00e5, og bygge ferdighetene for \u00e5 opprettholde et sterkere, mer motstandsdyktig b\u00e5nd. <\/span><\/p>\n<p><span data-contrast=\"auto\">Enten dere tar forebyggende skritt for \u00e5 styrke forholdet deres eller s\u00f8ker hjelp i vanskelige tider, er jeg her for \u00e5 st\u00f8tte dere mot en mer tilfredsstillende tilknytning.<\/span>[\/vc_column_text][vc_empty_space height=&raquo;16px&raquo;][vc_column_text]<\/p>\n<p aria-level=\"2\"><b><span data-contrast=\"none\">Deres f\u00f8rste steg<\/span><\/b><\/p>\n<p><span data-contrast=\"none\">\u00c5 ta det f\u00f8rste steget mot terapi viser stort mot og engasjement for deg og din partner \u2013 du kan allerede v\u00e6re stolt av deg selv. <\/span><\/p>\n<p><span data-contrast=\"none\">Ta kontakt og planlegg en innledende konsultasjon hvor vi kan diskutere din spesifikke situasjon og hvordan jeg best kan st\u00f8tte deres relasjonsm\u00e5l.<\/span><\/p>\n<p><span data-contrast=\"auto\">Jeg tilbyr mine terapitimer p\u00e5 engelsk, norsk og tysk.<\/span>[\/vc_column_text]<div class=\"qodef-shortcode qodef-m  qodef-icon-with-text qodef-layout--before-content qodef--icon-pack qodef--has-appear-animation\">\n\t<div class=\"qodef-m-icon-wrapper\">\n\t\t<span class=\"qodef-shortcode qodef-m  qodef-icon-holder qodef-size--default qodef-layout--circle\"  >\t        <span class=\"qodef-icon-font-awesome fa fa-envelope qodef-icon qodef-e\" style=\"\" ><\/span>    <\/span>\t<\/div>\n\t<div class=\"qodef-m-content\">\n\t\t\t<h3 class=\"qodef-m-title\" >\n\t\t\t\t\t<span class=\"qodef-m-title-text\">info@nicolefloberg.com<\/span>\n\t\t\t<\/h3>\n\t\t\t<\/div>\n<\/div>[vc_empty_space height=&raquo;16px&raquo;]<div class=\"qodef-shortcode qodef-m  qodef-icon-with-text qodef-layout--before-content qodef--icon-pack qodef--has-appear-animation\">\n\t<div class=\"qodef-m-icon-wrapper\">\n\t\t<span class=\"qodef-shortcode qodef-m  qodef-icon-holder qodef-size--default qodef-layout--circle\"  >\t        <span class=\"qodef-icon-font-awesome fa fa-phone qodef-icon qodef-e\" style=\"\" ><\/span>    <\/span>\t<\/div>\n\t<div class=\"qodef-m-content\">\n\t\t\t<h3 class=\"qodef-m-title\" >\n\t\t\t\t\t<span class=\"qodef-m-title-text\">+47 41340253<\/span>\n\t\t\t<\/h3>\n\t\t\t<\/div>\n<\/div>[vc_empty_space height=&raquo;16px&raquo;][vc_column_text]<\/p>\n<p><span data-contrast=\"none\">Du vil finne mer informasjon i FAQ-en.<\/span>[\/vc_column_text][\/vc_column][\/vc_row]<\/p>\n","protected":false},"excerpt":{"rendered":"<p>[vc_row row_content_width=&raquo;grid&raquo; content_text_alignment=&raquo;center&raquo; css=&raquo;.vc_custom_1741719469643{margin-top: -100px !important;padding-bottom: 26px !important;}&raquo;][vc_column css=&raquo;.vc_custom_1574424886184{padding-top: 100px !important;padding-right: 22% !important;padding-left: 22% !important;}&raquo; column_responsive_padding_1366=&raquo;100px 22% 0px&raquo; column_responsive_padding_1280=&raquo;100px 22% 0px&raquo; column_responsive_padding_1024=&raquo;100px 5% 0px&raquo; column_responsive_padding_768=&raquo;100px 7% 0px&raquo;][vc_empty_space][vc_column_text css=&raquo;.vc_custom_1741554994624{margin-bottom: 27px !important;}&raquo;] Har du noen gang lurt p\u00e5 hvorfor visse m\u00f8nstre fortsetter \u00e5 gjenta seg i forholdet ditt? Hvorfor sm\u00e5 uenigheter noen ganger eskalerer uventet? Eller hvorfor [&hellip;]<\/p>\n","protected":false},"author":1,"featured_media":0,"parent":0,"menu_order":0,"comment_status":"closed","ping_status":"closed","template":"page-full-width.php","meta":{"footnotes":""},"class_list":["post-3499","page","type-page","status-publish","hentry"],"_links":{"self":[{"href":"https:\/\/nicolefloberg.com\/no\/wp-json\/wp\/v2\/pages\/3499","targetHints":{"allow":["GET"]}}],"collection":[{"href":"https:\/\/nicolefloberg.com\/no\/wp-json\/wp\/v2\/pages"}],"about":[{"href":"https:\/\/nicolefloberg.com\/no\/wp-json\/wp\/v2\/types\/page"}],"author":[{"embeddable":true,"href":"https:\/\/nicolefloberg.com\/no\/wp-json\/wp\/v2\/users\/1"}],"replies":[{"embeddable":true,"href":"https:\/\/nicolefloberg.com\/no\/wp-json\/wp\/v2\/comments?post=3499"}],"version-history":[{"count":4,"href":"https:\/\/nicolefloberg.com\/no\/wp-json\/wp\/v2\/pages\/3499\/revisions"}],"predecessor-version":[{"id":3517,"href":"https:\/\/nicolefloberg.com\/no\/wp-json\/wp\/v2\/pages\/3499\/revisions\/3517"}],"wp:attachment":[{"href":"https:\/\/nicolefloberg.com\/no\/wp-json\/wp\/v2\/media?parent=3499"}],"curies":[{"name":"wp","href":"https:\/\/api.w.org\/{rel}","templated":true}]}}