{"id":3491,"date":"2025-01-19T10:44:09","date_gmt":"2025-01-19T09:44:09","guid":{"rendered":"https:\/\/nicolefloberg.com\/om-meg\/"},"modified":"2025-04-01T21:59:25","modified_gmt":"2025-04-01T19:59:25","slug":"om-meg","status":"publish","type":"page","link":"https:\/\/nicolefloberg.com\/no\/om-meg\/","title":{"rendered":"Om meg"},"content":{"rendered":"<p>[vc_row content_placement=&raquo;middle&raquo; row_content_width=&raquo;grid&raquo; css=&raquo;.vc_custom_1741719730223{margin-top: -100px !important;padding-top: 110px !important;padding-bottom: 110px !important;}&raquo;][vc_column offset=&raquo;vc_col-lg-6 vc_col-md-12 vc_col-xs-12&#8243;][vc_single_image image=&raquo;3385&#8243; img_size=&raquo;full&raquo; alignment=&raquo;center&raquo; css=&raquo;.vc_custom_1741900800000{margin-bottom: 0px !important;}&raquo;][\/vc_column][vc_column css=&raquo;.vc_custom_1575891742564{padding-right: 15% !important;}&raquo; column_responsive_padding_1024=&raquo;60px 15px 0px&raquo; offset=&raquo;vc_col-lg-6 vc_col-md-12 vc_col-xs-12&#8243;]<div class=\"qodef-shortcode qodef-m  qodef-section-title qodef-alignment--left \">\n\t\t\t<div class=\"qodef-m-tagline\" >\n\t\tNicole Merz Floberg\t<\/div>\n\t\t<h1 class=\"qodef-m-title\" >\n\t\t\t\t\tOm meg\t\t\t<\/h1>\n\t<\/div>[vc_column_text css=&raquo;.vc_custom_1741801265768{padding-top: 40px !important;padding-bottom: 40px !important;}&raquo;]<strong>Min filosofi om relasjoner<\/strong><\/p>\n<p>Jeg tror at relasjoner kan sammenlignes med atletiske bestrebelser\u2014akkurat som \u00e5 spille fotball eller hvilken som helst sport du liker. For \u00e5 opprettholde et visst ferdighetsniv\u00e5 er jevnlig \u00f8velse essensielt. For \u00e5 forbedre og utmerke seg blir dedikert \u00f8velse enda mer avgj\u00f8rende.<\/p>\n<p>&nbsp;<\/p>\n<p>I v\u00e5re relasjonsreiser utvikler vi ofte bestemte interaksjonsm\u00f8nstre. Noen av disse m\u00f8nstrene, selv om de kanskje er effektive p\u00e5 kort sikt for \u00e5 oppn\u00e5 umiddelbare m\u00e5l, kan til slutt vise seg \u00e5 v\u00e6re dysfunksjonelle for forholdets langsiktige helse. P\u00e5 samme m\u00e5te som en idrettsut\u00f8ver som har utviklet feil teknikk, kan vi oppdage at strategier som en gang s\u00e5 ut til \u00e5 fungere, n\u00e5 hindrer v\u00e5r evne til \u00e5 fungere effektivt som en del av et team.[\/vc_column_text][\/vc_column][\/vc_row][vc_row content_placement=&raquo;top&raquo; content_text_alignment=&raquo;left&raquo; css=&raquo;.vc_custom_1741381160680{padding-top: 82px !important;padding-right: 15% !important;padding-bottom: 76px !important;padding-left: 15% !important;background-color: #f7f1e9 !important;}&raquo;][vc_column css=&raquo;.vc_custom_1575897628228{padding-top: 0px !important;padding-right: 54px !important;padding-left: 0px !important;}&raquo; offset=&raquo;vc_col-lg-4 vc_col-md-12 vc_col-xs-12&#8243; column_responsive_padding_1024=&raquo;0px 15px 28px&raquo; column_responsive_padding_1366=&raquo;0px 20px 0px 0px&raquo;][vc_column_text css=&raquo;.vc_custom_1742720901638{margin-top: -11px !important;margin-bottom: 0px !important;padding-top: 0px !important;}&raquo;]<\/p>\n<h3>Lidenskapelig opptatt av relasjoner<\/h3>\n<p>[\/vc_column_text][\/vc_column][vc_column offset=&raquo;vc_col-lg-4 vc_col-md-6 vc_col-xs-12&#8243; css=&raquo;.vc_custom_1576579678253{padding-top: 8px !important;}&raquo;][vc_column_text css=&raquo;.vc_custom_1742720918330{margin-bottom: 27px !important;}&raquo;]Etter min bachelorgrad i psykologi, fullf\u00f8rte jeg spesialisert oppl\u00e6ring i Emotionally Focused Therapy (EFT) mens jeg samtidig jobbet som forskningsassistent ved Universitetet i Oslo. Denne perioden med akademisk og klinisk utvikling gjorde det mulig for meg \u00e5 bygge bro mellom teoretisk forskning og praktiske terapeutiske tiln\u00e6rminger. Jeg har ogs\u00e5 jobbet med familier og barn med autismespekterforstyrrelser i mange \u00e5r \u2013 noe som er en annen hjertesak for meg.[\/vc_column_text][\/vc_column][vc_column offset=&raquo;vc_col-lg-4 vc_col-md-6 vc_col-xs-12&#8243; column_responsive_padding_1024=&raquo;8px 15px 10px&raquo; column_responsive_padding_768=&raquo;10px 15px 8px&raquo; css=&raquo;.vc_custom_1576579812246{padding-top: 8px !important;}&raquo;][vc_column_text css=&raquo;.vc_custom_1741381075765{margin-bottom: 0px !important;padding-bottom: 20px !important;}&raquo;]Denne erfaringen har v\u00e6rt et dypt omr\u00e5de av profesjonell lidenskap, og har gitt meg unike innsikter i kompleks familiedynamikk og kommunikasjonsutfordringer. Mitt arbeid p\u00e5 dette feltet har utviklet en nyansert forst\u00e5else av mellommenneskelige relasjoner, kommunikasjonsm\u00f8nstre og strategier for familiest\u00f8tte.[\/vc_column_text][\/vc_column][\/vc_row][vc_row parallax=&raquo;content-moving&raquo; parallax_image=&raquo;1648&#8243; content_text_alignment=&raquo;center&raquo; css=&raquo;.vc_custom_1741719759217{margin-bottom: -100px !important;}&raquo;][vc_column][vc_row_inner row_content_width=&raquo;grid&raquo; content_text_alignment=&raquo;center&raquo; css=&raquo;.vc_custom_1576579238347{padding-top: 67px !important;padding-bottom: 100px !important;}&raquo;][vc_column_inner css=&raquo;.vc_custom_1576579362894{padding-right: 19.5% !important;padding-left: 19.5% !important;}&raquo; column_responsive_padding_1366=&raquo;0px 11%&raquo; column_responsive_padding_1024=&raquo;0px 15px&raquo; column_responsive_padding_1440=&raquo;0px 11%&raquo; column_responsive_padding_768=&raquo;0px 15px 9px&raquo;]<div class=\"qodef-shortcode qodef-m  qodef-section-title qodef-alignment--center \">\n\t\t\t<div class=\"qodef-m-tagline\" >\n\t\tTa gjerne kontakt med meg\t<\/div>\n\t\t<h1 class=\"qodef-m-title\" >\n\t\t\t\t\tLa oss snakke\t\t\t<\/h1>\n\t<\/div>[vc_empty_space height=&raquo;30px&raquo;]\n<div class=\"wpcf7 no-js\" id=\"wpcf7-f128-o1\" lang=\"en-US\" dir=\"ltr\" data-wpcf7-id=\"128\">\n<div class=\"screen-reader-response\"><p role=\"status\" aria-live=\"polite\" aria-atomic=\"true\"><\/p> <ul><\/ul><\/div>\n<form action=\"\/no\/wp-json\/wp\/v2\/pages\/3491#wpcf7-f128-o1\" method=\"post\" class=\"wpcf7-form init\" aria-label=\"Contact form\" novalidate=\"novalidate\" data-status=\"init\">\n<div style=\"display: none;\">\n<input type=\"hidden\" name=\"_wpcf7\" value=\"128\" \/>\n<input type=\"hidden\" name=\"_wpcf7_version\" value=\"6.0.5\" \/>\n<input type=\"hidden\" name=\"_wpcf7_locale\" value=\"en_US\" \/>\n<input type=\"hidden\" name=\"_wpcf7_unit_tag\" value=\"wpcf7-f128-o1\" \/>\n<input type=\"hidden\" name=\"_wpcf7_container_post\" value=\"0\" \/>\n<input type=\"hidden\" name=\"_wpcf7_posted_data_hash\" value=\"\" \/>\n<\/div>\n<div class=\"qodef-contat-form-form-3 qodef-cf7-custom-fields-bg qodef-cf7-custom-no-margin\">\n\t<div class=\"qodef-grid qodef-layout--columns qodef-col-num--2 qodef-gutter--tiny\">\n\t\t<div class=\"qodef-grid-inner\">\n\t\t\t<div class=\"qodef-grid-item\">\n\t\t\t\t<div class=\"qodef-col-num--6\">\n\t\t\t\t\t<p><span class=\"wpcf7-form-control-wrap\" data-name=\"your-name\"><input size=\"40\" maxlength=\"400\" class=\"wpcf7-form-control wpcf7-text wpcf7-validates-as-required\" aria-required=\"true\" aria-invalid=\"false\" placeholder=\"Name\" value=\"\" type=\"text\" name=\"your-name\" \/><\/span>\n\t\t\t\t\t<\/p>\n\t\t\t\t<\/div>\n\t\t\t<\/div>\n\t\t\t<div class=\"qodef-grid-item\">\n\t\t\t\t<div class=\"qodef-col-num--6\">\n\t\t\t\t\t<p><span class=\"wpcf7-form-control-wrap\" data-name=\"your-email\"><input size=\"40\" maxlength=\"400\" class=\"wpcf7-form-control wpcf7-email wpcf7-validates-as-required wpcf7-text wpcf7-validates-as-email\" aria-required=\"true\" aria-invalid=\"false\" placeholder=\"E-mail*\" value=\"\" type=\"email\" name=\"your-email\" \/><\/span>\n\t\t\t\t\t<\/p>\n\t\t\t\t<\/div>\n\t\t\t<\/div>\n\t\t\t<div class=\"qodef-grid-item\">\n\t\t\t\t<div class=\"qodef-col-num--6\">\n\t\t\t\t\t<p><span class=\"wpcf7-form-control-wrap\" data-name=\"telefon\"><input size=\"40\" maxlength=\"400\" class=\"wpcf7-form-control wpcf7-tel wpcf7-text wpcf7-validates-as-tel\" aria-invalid=\"false\" placeholder=\"Phone\/mobile\" value=\"\" type=\"tel\" name=\"telefon\" \/><\/span>\n\t\t\t\t\t<\/p>\n\t\t\t\t<\/div>\n\t\t\t<\/div>\n\t\t\t<div class=\"qodef-grid-item\">\n\t\t\t\t<div class=\"qodef-col-num--6 qodef-select-change\">\n\t\t\t\t\t<p><span class=\"wpcf7-form-control-wrap\" data-name=\"type\"><select class=\"wpcf7-form-control wpcf7-select\" aria-invalid=\"false\" name=\"type\"><option value=\"Couples therapy\">Couples therapy<\/option><option value=\"Family therapy\">Family therapy<\/option><option value=\"Individual therapy\">Individual therapy<\/option><\/select><\/span>\n\t\t\t\t\t<\/p>\n\t\t\t\t<\/div>\n\t\t\t<\/div>\n\t\t<\/div>\n\t<\/div>\n\t<p><span class=\"wpcf7-form-control-wrap\" data-name=\"your-message\"><textarea cols=\"40\" rows=\"6\" maxlength=\"2000\" class=\"wpcf7-form-control wpcf7-textarea\" aria-invalid=\"false\" placeholder=\"Your message for me\" name=\"your-message\"><\/textarea><\/span>\n\t<\/p>\n\t<p><button class=\"wpcf7-form-control wpcf7-submit qodef-button qodef-size--normal qodef-type--filled qodef-m\" type=\"submit\"><span class=\"qodef-m-text\">Send<\/span><\/button>\n\t<\/p>\n<\/div><p><span class=\"wpcf7-form-control-wrap\"><div class=\"f12-captcha template-2\">\r\n    <div class=\"c-header\">\r\n        <div class=\"c-label\">Captcha<\/div>\r\n        <div class=\"c-data\"><span class=\"captcha-image\"><img decoding=\"async\" alt=\"captcha\" src=\"data:image\/png;base64,iVBORw0KGgoAAAANSUhEUgAAAH0AAAAeCAMAAAA2PuHjAAABBVBMVEX\/\/\/\/IyMj4+Pjx8fHc3Nzq6urj4+PV1dXOzs5FZ4m3u8DAydHQ2eHn7PBlf5i7xMxYdpSKoLW2vsdXdZNngJpWc5FzjaZ7kKWfq7huh6GWo7B9kqhwiaOAlaq5xtJxi6SCmK1cepeXqLmGl6ibrL2is8Ser8CNnq\/IyMja2trNzc3f399FZ4lbeZaFmrBshp+ap7RZd5VVc5C8wcWsuMV8kqeJmqt2i6CntMFYdpPIyMhFZ4nGztfV2d2nr7jh5erDx8taeJbIyMhFZ4lXdJJpgpyQobLIyMjY2NjS0tLLy8tFZ4mxucJ4jaLb3+SUpba0wc6jsLzP09fIyMhFZ4nJzdGInbLgMbykAAAACXBIWXMAAA7EAAAOxAGVKw4bAAAD00lEQVRIie2WW3vUNhCGfZBtyVimDokJDnVRNqK+cEpqKEtXNIBVMEWQkFrl\/\/+U6uRNnmaf4t0rLpiLjaxYemdG34zsed\/tG7Mg2HpFGMXR1qtuLF8Pge8DOzVrO\/D+rwQOxsCO8Mj3J1Ts+4megY0ysMGBsO\/h9dN7C04ASNTvbvTQ98O1H3rvWKET5QDcgAd9H0\/jwFchuyTFwxDtSo+mgQaGTaMB6s+mcGDfTwcFFH3tCtwx+MDRFdwkIXHUqGk2595hgr7\/oJA4qzPtygBvvzyPriMIoJ\/eybDnNdAGFzRNeOtl7MUu98WfFfxYfSJCW6ZSvxvdy9FdC\/8BFW5KxxO62AF06Y1BVHDiJX2v5jPe9SeGXBalEDgxqgfQuR6BeGYR5mhP5dtP701wTNq2JYfuBJKVq6ZkFXslLwKTe8IrkImuujB5EMfDoLEBHM2iYBznymBf0YGfHqByDT\/95Unbnlnv4crFrgeYcxr1Pah53gdYCK30ILorlk7y0Tga7YybCmaj3UeHsZ\/m6IF7pm2hFFe1v15DrwcZ55nK\/T2eKhwRKVSlPixFpQre8BIdtPNhJr3y032UT2WPM31sSdc+NfvB6sVNNygnr+CCL3RmC01Nz96KB1EMde4LcqLAwfPF3ly4d6To++ihrfa14bazBw9zhs3EamWyW\/LypZKcdpWKPH+jlUcKHECleizlPyM8kwez4ZqeI1TEttNZdE1J+8yW3IrZIyDM0jHhnFfGscyQS0pLQXCsg6fyCzyX8mI+\/UeEUIlQDWyX11Yo0WeBbXopM4LArLN0ffRvXbsXworeKwUNTbMt5VUnr+bDNf0nr0YIJ7bvKKtp2ZLM0it2bJhsuXLCKPiho5+Kc7uiFqWlZ1LKxbjFhfsI5ertAhHVcVTTdTd83Z4aerBkL\/UzZdVEp\/ydoxdiASY6GAa9cl9284td2TFa6G0JKkyrh43dkLSpOfec\/WFA7Pw2vRZLM8BEXNo7\/krFvrdFwXknlo4Rolp5v+WpWXvapiYExkxylegmes2P+t6MsOgGL\/v8SIguNQV\/IeU7SeA4v+k\/RgsjJ3X0mVLe83bZgCh80Xa2AhnT1FdKdCt3nBl\/4uhKdrlp9ss00XsEB\/LMK+TxOMYbUf9D10ePE\/j09zZfVMt1p2VKbvB1zo420R8qcvfp6m\/3kXFfLkNd9K\/H2cKj6Gf3XVKWVG+uL5m2PZn+zRjr2AGjazqmzxJ383y+vHPjiC9lZ9qh\/LKV8P5jdVFQfP1E2JvHlGXR17+dsPWP0oto7g07zyGCv\/7Sd\/vW7V9mzYfKZpxY1gAAAABJRU5ErkJggg==\"\/><\/span><\/div>\r\n        <div class=\"c-reload\"><a href=\"javascript:void(0);\" class=\"cf7 captcha-reload\" title=\"Reload Captcha\"><img decoding=\"async\" style=\"margin-top:5px;\" src=\"https:\/\/nicolefloberg.com\/wp-content\/plugins\/captcha-for-contact-form-7\/core\/assets\/reload-icon.png\" alt=\"Reload\"\/><\/a><\/div>\r\n    <\/div>\r\n    <input type=\"hidden\" id=\"hash_c_57a7c197f1118010958d\" name=\"f12_captcha_hash\"\r\n           value=\"$2y$10$v9XRi0FVybzfFVMez4C0fOJgrkbTSvVsDAswIDNa80vWODZ4Br8QG\"\/>\r\n    <div class=\"\" >\r\n        <input class=\"f12c\" data-method=\"image\"                type=\"text\" id=\"c_57a7c197f1118010958d\" name=\"f12_captcha\"\r\n               placeholder=\"Captcha\" value=\"\"\/>\r\n    <\/div>\r\n<\/div>\r\n<\/span><\/p><div class=\"wpcf7-response-output\" aria-hidden=\"true\"><\/div>\n<\/form>\n<\/div>\n[\/vc_column_inner][\/vc_row_inner][\/vc_column][\/vc_row]<\/p>\n","protected":false},"excerpt":{"rendered":"<p>[vc_row content_placement=&raquo;middle&raquo; row_content_width=&raquo;grid&raquo; css=&raquo;.vc_custom_1741719730223{margin-top: -100px !important;padding-top: 110px !important;padding-bottom: 110px !important;}&raquo;][vc_column offset=&raquo;vc_col-lg-6 vc_col-md-12 vc_col-xs-12&#8243;][vc_single_image image=&raquo;3385&#8243; img_size=&raquo;full&raquo; alignment=&raquo;center&raquo; css=&raquo;.vc_custom_1741900800000{margin-bottom: 0px !important;}&raquo;][\/vc_column][vc_column css=&raquo;.vc_custom_1575891742564{padding-right: 15% !important;}&raquo; column_responsive_padding_1024=&raquo;60px 15px 0px&raquo; offset=&raquo;vc_col-lg-6 vc_col-md-12 vc_col-xs-12&#8243;][vc_column_text css=&raquo;.vc_custom_1741801265768{padding-top: 40px !important;padding-bottom: 40px !important;}&raquo;]Min filosofi om relasjoner Jeg tror at relasjoner kan sammenlignes med atletiske bestrebelser\u2014akkurat som \u00e5 spille fotball eller hvilken som helst sport du [&hellip;]<\/p>\n","protected":false},"author":1,"featured_media":0,"parent":0,"menu_order":0,"comment_status":"closed","ping_status":"closed","template":"page-full-width.php","meta":{"footnotes":""},"class_list":["post-3491","page","type-page","status-publish","hentry"],"_links":{"self":[{"href":"https:\/\/nicolefloberg.com\/no\/wp-json\/wp\/v2\/pages\/3491","targetHints":{"allow":["GET"]}}],"collection":[{"href":"https:\/\/nicolefloberg.com\/no\/wp-json\/wp\/v2\/pages"}],"about":[{"href":"https:\/\/nicolefloberg.com\/no\/wp-json\/wp\/v2\/types\/page"}],"author":[{"embeddable":true,"href":"https:\/\/nicolefloberg.com\/no\/wp-json\/wp\/v2\/users\/1"}],"replies":[{"embeddable":true,"href":"https:\/\/nicolefloberg.com\/no\/wp-json\/wp\/v2\/comments?post=3491"}],"version-history":[{"count":4,"href":"https:\/\/nicolefloberg.com\/no\/wp-json\/wp\/v2\/pages\/3491\/revisions"}],"predecessor-version":[{"id":3497,"href":"https:\/\/nicolefloberg.com\/no\/wp-json\/wp\/v2\/pages\/3491\/revisions\/3497"}],"wp:attachment":[{"href":"https:\/\/nicolefloberg.com\/no\/wp-json\/wp\/v2\/media?parent=3491"}],"curies":[{"name":"wp","href":"https:\/\/api.w.org\/{rel}","templated":true}]}}